{"id":2,"date":"2023-08-30T20:57:53","date_gmt":"2023-08-30T20:57:53","guid":{"rendered":"https:\/\/implantancitaro.gob.mx\/?page_id=2"},"modified":"2026-04-17T19:21:23","modified_gmt":"2026-04-17T19:21:23","slug":"sample-page","status":"publish","type":"page","link":"https:\/\/implantancitaro.gob.mx\/","title":{"rendered":"\u00bf Que es IMPLAN ?"},"content":{"rendered":"\n<p class=\"has-text-align-center\" style=\"font-size:14px\">El Instituto Municipal de Planeaci\u00f3n de Tanc\u00edtaro, Michoac\u00e1n nace el 6 de abril del 2022 como instancia de la Administraci\u00f3n P\u00fablica Descentralizada con personalidad jur\u00eddica y patrimonio propio.<\/p>\n\n\n\n<p class=\"has-text-align-center\" style=\"font-size:14px\">El IMPLAN tiene el firme prop\u00f3sito de generar y establecer&nbsp; bases en materia urbana que orienten y asesoren al Municipio con acciones que permitan el crecimiento, la construcci\u00f3n y el ordenamiento de Tanc\u00edtaro considerando una estrategia con visi\u00f3n integral enfoque sustentable y resiliente de largo plazo.<\/p>\n\n\n\n<div class=\"wp-block-essential-blocks-toggle-content  root-eb-toggle-b6lo2fb\"><div class=\"eb-parent-wrapper eb-parent-eb-toggle-b6lo2fb \"><div class=\"eb-toggle-b6lo2fb eb-toggle-wrapper  eb-toggle-effect-undefined eb-toggle-primary\" data-init-content=\"primary\" data-size=\"m\" data-switch-style=\"rounded\" data-bg-type=\"solid\" data-bg-color=\"var(--eb-global-primary-color)\" data-bg-gradient=\"linear-gradient(45deg,#00F260,#0575E6)\" data-primary-color=\"var(--eb-global-text-color)\" data-secondary-color=\"var(--eb-global-text-color)\" data-active-color=\"var(--eb-global-heading-color)\"><div class=\"eb-toggle-heading\" style=\"display:none\"><input type=\"checkbox\" class=\"eb-text-switch-checkbox\" id=\"eb-33deb0fe-f74b-4763-ba99-34fe8ece3193\" style=\"display:none\"\/><div class=\"eb-text-switch-wrapper\"><div class=\"eb-text-switch-content\" style=\"margin-left:auto;margin-right:auto\"><label class=\"eb-text-switch-label\" for=\"eb-33deb0fe-f74b-4763-ba99-34fe8ece3193\"><div class=\"eb-text-switch-toggle\"><\/div><div class=\"eb-switch-names\"><div class=\"eb-switch-name primary\"><span class=\"eb-toggle-primary-label-text\"><strong>Misi\u00f3n<\/strong><\/span><\/div><div class=\"eb-switch-name secondary\"><span class=\"eb-toggle-secondary-label-text\"><strong>Visi\u00f3n<\/strong><\/span><\/div><\/div><\/label><\/div><\/div><\/div><div class=\"eb-toggle-heading\" style=\"display:block\"><span class=\"eb-toggle-primary-label\"><strong>Misi\u00f3n<\/strong><\/span><label class=\"eb-toggle-switch toggle-m\"><input class=\"eb-toggle-input\" type=\"checkbox\"\/><div class=\"eb-toggle-effect-icons\"><span class=\"icon-wrapper\"><\/span><span class=\"icon-wrapper\"><\/span><\/div><span class=\"eb-toggle-controller\"><\/span><span class=\"eb-toggle-slider \"><\/span><\/label><span class=\"eb-toggle-none eb-toggle-seperator\"><\/span><span class=\"eb-toggle-secondary-label\"><strong>Visi\u00f3n<\/strong><\/span><\/div><div class=\"eb-toggle-content\">\n<div class=\"wp-block-essential-blocks-wrapper  root-eb-wrapper-7n1u4zf\"><div class=\"eb-parent-wrapper eb-parent-eb-wrapper-7n1u4zf \"><div class=\"eb-wrapper-outer eb-wrapper-7n1u4zf\"><div class=\"eb-wrapper-inner\"><div class=\"eb-wrapper-inner-blocks eb-wrapper-align-center\">\n<p class=\"has-text-align-center\"><strong>MISI\u00d3N<\/strong><\/p>\n\n\n\n<p class=\"has-text-align-center\">\u00abOrientar humana y estrat\u00e9gicamente a las instituciones municipales de Tanc\u00edtaro, consolidando los ejercicios de unidad, participaci\u00f3n ciudadana y planeaci\u00f3n conjunta entre los diferentes actores de la sociedad y el gobierno, para promover de manera permanente el desarrollo integral y la buena convivencia entre sus habitantes.\u00bb<\/p>\n<\/div><\/div><\/div><\/div><\/div>\n\n\n\n<div class=\"wp-block-essential-blocks-wrapper  root-eb-wrapper-003pg1m\"><div class=\"eb-parent-wrapper eb-parent-eb-wrapper-003pg1m \"><div class=\"eb-wrapper-outer eb-wrapper-003pg1m\"><div class=\"eb-wrapper-inner\"><div class=\"eb-wrapper-inner-blocks eb-wrapper-align-center\">\n<p class=\"has-text-align-center\"><strong>VISI\u00d3N<\/strong><\/p>\n\n\n\n<p class=\"has-text-align-center\">\u00abQue el instituto sea reconocido por los ciudadanos a nivel municipal, estatal, nacional e internacional como un organismo t\u00e9cnico especializado en materia urbano-ambiental para la consulta y la correcta planeaci\u00f3n, y que brinde soluciones con visi\u00f3n integral entre los usos y aprovechamientos del suelo, el medio ambiente, la movilidad urbana y los espacios de escala humana, promoviendo la participaci\u00f3n ciudadana organizada.\u00bb<\/p>\n<\/div><\/div><\/div><\/div><\/div>\n<\/div><\/div><\/div><\/div>\n\n\n\n<figure class=\"wp-block-table\"><table><thead><tr><th class=\"has-text-align-center\" data-align=\"center\">Nombre<\/th><th class=\"has-text-align-center\" data-align=\"center\">Cargo<\/th><\/tr><\/thead><tbody><tr><td class=\"has-text-align-center\" data-align=\"center\"><em><strong>Dr. Carlos Navarro Corza<\/strong><\/em><\/td><td class=\"has-text-align-center\" data-align=\"center\">Presidente del Consejo <br>Directivo<\/td><\/tr><tr><td class=\"has-text-align-center\" data-align=\"center\"><em><strong>Arq. Eduardo Guzm\u00e1n Casta\u00f1eda<\/strong><\/em><\/td><td class=\"has-text-align-center\" data-align=\"center\">Secretario T\u00e9cnico y<br>Direcci\u00f3n General<\/td><\/tr><tr><td class=\"has-text-align-center\" data-align=\"center\"><em><strong>Lic. Ren\u00e9 Ayala Cerano<\/strong><\/em><\/td><td class=\"has-text-align-center\" data-align=\"center\">Comisario<\/td><\/tr><tr><td class=\"has-text-align-center\" data-align=\"center\"><strong><em>C. Alejandra Maga\u00f1a Hern\u00e1ndez<\/em><\/strong><\/td><td class=\"has-text-align-center\" data-align=\"center\">Consejero<\/td><\/tr><tr><td class=\"has-text-align-center\" data-align=\"center\"><strong><em>C. Rafael Barrag\u00e1n Estrada<\/em><\/strong><\/td><td class=\"has-text-align-center\" data-align=\"center\">Consejero<\/td><\/tr><tr><td class=\"has-text-align-center\" data-align=\"center\"><strong><em>C. Rosa Mar\u00eda J\u00e1uregui Huerta<\/em><\/strong><\/td><td class=\"has-text-align-center\" data-align=\"center\">Consejero<\/td><\/tr><tr><td class=\"has-text-align-center\" data-align=\"center\"><strong><em>Lic. Viridiana Montero Bucio<\/em><\/strong><\/td><td class=\"has-text-align-center\" data-align=\"center\">Consejero<\/td><\/tr><tr><td class=\"has-text-align-center\" data-align=\"center\"><strong><em>Arq. Hortencia Esquivel Esquivel<\/em><\/strong><\/td><td class=\"has-text-align-center\" data-align=\"center\">Consejero<\/td><\/tr><tr><td class=\"has-text-align-center\" data-align=\"center\"><strong>Lic. Mar\u00eda del Carmen Navarro Corza<\/strong><\/td><td class=\"has-text-align-center\" data-align=\"center\">Consejero<\/td><\/tr><tr><td class=\"has-text-align-center\" data-align=\"center\"><em><strong>C. Rafael S\u00e1nchez Cervantes<\/strong><\/em><\/td><td class=\"has-text-align-center\" data-align=\"center\">Consejero<\/td><\/tr><tr><td class=\"has-text-align-center\" data-align=\"center\"><strong><em>Q.F.B. Miguel S\u00e1nchez Ram\u00edrez <\/em><\/strong><\/td><td class=\"has-text-align-center\" data-align=\"center\">Consejero<\/td><\/tr><tr><td class=\"has-text-align-center\" data-align=\"center\"><strong><em>Arq. Alfredo Naranjo Hern\u00e1ndez<\/em><\/strong><\/td><td class=\"has-text-align-center\" data-align=\"center\">Consejero<\/td><\/tr><tr><td class=\"has-text-align-center\" data-align=\"center\"><strong><em>Arq. Sergio Mart\u00ednez Diego<\/em><\/strong><\/td><td class=\"has-text-align-center\" data-align=\"center\">Consejero<\/td><\/tr><tr><td class=\"has-text-align-center\" data-align=\"center\"><strong><em>C. Rodolfo Quiroz Virrueta<\/em><\/strong><\/td><td class=\"has-text-align-center\" data-align=\"center\">Consejero<\/td><\/tr><\/tbody><\/table><\/figure>\n","protected":false},"excerpt":{"rendered":"<p>El Instituto Municipal de Planeaci\u00f3n de Tanc\u00edtaro, Michoac\u00e1n nace el 6 de abril del 2022 como instancia de la Administraci\u00f3n P\u00fablica Descentralizada con personalidad jur\u00eddica y patrimonio propio. El IMPLAN tiene el firme prop\u00f3sito de generar y establecer&nbsp; bases en materia urbana que orienten y asesoren al Municipio con acciones que permitan el crecimiento, la [&hellip;]<\/p>\n","protected":false},"author":1,"featured_media":0,"parent":0,"menu_order":0,"comment_status":"closed","ping_status":"closed","template":"","meta":{"_eb_attr":"","footnotes":""},"class_list":["post-2","page","type-page","status-publish","hentry","post"],"_links":{"self":[{"href":"https:\/\/implantancitaro.gob.mx\/index.php\/wp-json\/wp\/v2\/pages\/2","targetHints":{"allow":["GET"]}}],"collection":[{"href":"https:\/\/implantancitaro.gob.mx\/index.php\/wp-json\/wp\/v2\/pages"}],"about":[{"href":"https:\/\/implantancitaro.gob.mx\/index.php\/wp-json\/wp\/v2\/types\/page"}],"author":[{"embeddable":true,"href":"https:\/\/implantancitaro.gob.mx\/index.php\/wp-json\/wp\/v2\/users\/1"}],"replies":[{"embeddable":true,"href":"https:\/\/implantancitaro.gob.mx\/index.php\/wp-json\/wp\/v2\/comments?post=2"}],"version-history":[{"count":24,"href":"https:\/\/implantancitaro.gob.mx\/index.php\/wp-json\/wp\/v2\/pages\/2\/revisions"}],"predecessor-version":[{"id":547,"href":"https:\/\/implantancitaro.gob.mx\/index.php\/wp-json\/wp\/v2\/pages\/2\/revisions\/547"}],"wp:attachment":[{"href":"https:\/\/implantancitaro.gob.mx\/index.php\/wp-json\/wp\/v2\/media?parent=2"}],"curies":[{"name":"wp","href":"https:\/\/api.w.org\/{rel}","templated":true}]}}