{"id":3,"date":"2023-08-30T20:57:53","date_gmt":"2023-08-30T20:57:53","guid":{"rendered":"https:\/\/implantancitaro.gob.mx\/?page_id=3"},"modified":"2026-04-20T18:41:06","modified_gmt":"2026-04-20T18:41:06","slug":"privacy-policy","status":"publish","type":"page","link":"https:\/\/implantancitaro.gob.mx\/index.php\/privacy-policy\/","title":{"rendered":"Aviso de privacidad"},"content":{"rendered":"\n<p>El Instituto Municipal de Planeaci\u00f3n de Tanc\u00edtaro, Michoac\u00e1n (IMPLAN), en cumplimiento con lo establecido en la legislaci\u00f3n vigente en materia de protecci\u00f3n de datos personales, pone a disposici\u00f3n de la ciudadan\u00eda su Aviso de Privacidad Integral.<\/p>\n\n\n\n<p>En este documento se informa sobre el tratamiento que se dar\u00e1 a los datos personales recabados por cualquier medio, los cuales ser\u00e1n utilizados exclusivamente para la atenci\u00f3n de solicitudes, prestaci\u00f3n de servicios, integraci\u00f3n de expedientes administrativos y fines estad\u00edsticos que contribuyan a la mejora de la gesti\u00f3n p\u00fablica.<\/p>\n\n\n\n<p>El IMPLAN garantiza la protecci\u00f3n de los datos personales conforme a lo dispuesto en la Constituci\u00f3n Pol\u00edtica de los Estados Unidos Mexicanos, la Ley General de Protecci\u00f3n de Datos Personales en Posesi\u00f3n de Sujetos Obligados y dem\u00e1s normatividad aplicable en el Estado de Michoac\u00e1n.<\/p>\n\n\n\n<p>Asimismo, se hace del conocimiento que no se realizar\u00e1n transferencias de datos personales, salvo aquellas que se encuentren previstas en la ley o que sean requeridas por autoridad competente.<\/p>\n\n\n\n<p>Para conocer a detalle las finalidades, mecanismos de protecci\u00f3n, as\u00ed como los medios para ejercer sus derechos de acceso, rectificaci\u00f3n, cancelaci\u00f3n y oposici\u00f3n (ARCO), se le invita a consultar el Aviso de Privacidad Integral disponible en formato digital..<\/p>\n\n\n\n<h2 class=\"wp-block-heading\"><a href=\"https:\/\/www.implantancitaro.gob.mx\/Informacion\/privacidad.pdf\">https:\/\/www.implantancitaro.gob.mx\/Informacion\/privacidad.pdf<\/a><\/h2>\n\n\n\n<p><\/p>\n\n\n\n<p><\/p>\n","protected":false},"excerpt":{"rendered":"<p>El Instituto Municipal de Planeaci\u00f3n de Tanc\u00edtaro, Michoac\u00e1n (IMPLAN), en cumplimiento con lo establecido en la legislaci\u00f3n vigente en materia de protecci\u00f3n de datos personales, pone a disposici\u00f3n de la ciudadan\u00eda su Aviso de Privacidad Integral. En este documento se informa sobre el tratamiento que se dar\u00e1 a los datos personales recabados por cualquier medio, [&hellip;]<\/p>\n","protected":false},"author":1,"featured_media":0,"parent":0,"menu_order":0,"comment_status":"closed","ping_status":"closed","template":"","meta":{"_eb_attr":"","footnotes":""},"class_list":["post-3","page","type-page","status-publish","hentry","post"],"_links":{"self":[{"href":"https:\/\/implantancitaro.gob.mx\/index.php\/wp-json\/wp\/v2\/pages\/3","targetHints":{"allow":["GET"]}}],"collection":[{"href":"https:\/\/implantancitaro.gob.mx\/index.php\/wp-json\/wp\/v2\/pages"}],"about":[{"href":"https:\/\/implantancitaro.gob.mx\/index.php\/wp-json\/wp\/v2\/types\/page"}],"author":[{"embeddable":true,"href":"https:\/\/implantancitaro.gob.mx\/index.php\/wp-json\/wp\/v2\/users\/1"}],"replies":[{"embeddable":true,"href":"https:\/\/implantancitaro.gob.mx\/index.php\/wp-json\/wp\/v2\/comments?post=3"}],"version-history":[{"count":3,"href":"https:\/\/implantancitaro.gob.mx\/index.php\/wp-json\/wp\/v2\/pages\/3\/revisions"}],"predecessor-version":[{"id":551,"href":"https:\/\/implantancitaro.gob.mx\/index.php\/wp-json\/wp\/v2\/pages\/3\/revisions\/551"}],"wp:attachment":[{"href":"https:\/\/implantancitaro.gob.mx\/index.php\/wp-json\/wp\/v2\/media?parent=3"}],"curies":[{"name":"wp","href":"https:\/\/api.w.org\/{rel}","templated":true}]}}