{"id":43,"date":"2023-08-31T19:05:17","date_gmt":"2023-08-31T19:05:17","guid":{"rendered":"https:\/\/implantancitaro.gob.mx\/?page_id=43"},"modified":"2023-12-19T20:57:43","modified_gmt":"2023-12-19T20:57:43","slug":"ciet","status":"publish","type":"page","link":"https:\/\/implantancitaro.gob.mx\/index.php\/ciet\/","title":{"rendered":"CIET"},"content":{"rendered":"\n<p class=\"has-medium-font-size\"><strong>Informaci\u00f3n estad\u00edstica<\/strong><\/p>\n\n\n\n<div class=\"wp-block-essential-blocks-advanced-tabs alignwide\"><div class=\"eb-parent-wrapper eb-parent-eb-advanced-tabs-a2obqpn \"><div class=\"eb-advanced-tabs-a2obqpn eb-advanced-tabs-wrapper horizontal\"><div class=\"eb-tabs-nav\"><ul class=\"tabTitles\" data-tabs-ul-id=\"eb-advanced-tabs-a2obqpn\"><li data-title-tab-id=\"2\" data-title-custom-id=\"\" class=\"inactive\"><span class=\"tabIcon fas fa-home\"><\/span><h6 class=\"tab-title-text\">Informaci\u00f3n Estad\u00edstica<\/h6><\/li><li data-title-tab-id=\"3\" data-title-custom-id=\"\" class=\"inactive\"><span class=\"tabIcon fas fa-home\"><\/span><h6 class=\"tab-title-text\">Viviendas<\/h6><\/li><li data-title-tab-id=\"4\" class=\"inactive\"><span class=\"tabIcon fas fa-home\"><\/span><h6 class=\"tab-title-text\">Educaci\u00f3n<\/h6><\/li><li data-title-tab-id=\"5\" class=\"inactive\"><span class=\"tabIcon fas fa-home\"><\/span><h6 class=\"tab-title-text\">Condiciones Educativas<\/h6><\/li><li data-title-tab-id=\"6\" class=\"inactive\"><span class=\"tabIcon fas fa-home\"><\/span><h6 class=\"tab-title-text\">Poblaci\u00f3n por localidad<\/h6><\/li><li data-title-tab-id=\"7\" class=\"inactive\"><span class=\"tabIcon fas fa-home\"><\/span><h6 class=\"tab-title-text\">Informaci\u00f3n econ\u00f3mica de Tanc\u00edtaro<\/h6><\/li><\/ul><\/div><div class=\"eb-tabs-contents\">\n<div class=\"eb-tab-wrapper\" data-tab-id=\"2\" data-tab-parent-id=\"eb-advanced-tabs-a2obqpn\"><div class=\"eb-tab-inner\">\n<div class=\"wp-block-essential-blocks-advanced-tabs alignwide\"><div class=\"eb-parent-wrapper eb-parent-eb-advanced-tabs-iffjfax \"><div class=\"eb-advanced-tabs-iffjfax eb-advanced-tabs-wrapper horizontal\"><div class=\"eb-tabs-nav\"><ul class=\"tabTitles\" data-tabs-ul-id=\"eb-advanced-tabs-iffjfax\"><li data-title-tab-id=\"5\" class=\"inactive\"><span class=\"tabIcon fas fa-home\"><\/span><h6 class=\"tab-title-text\">Descripci\u00f3n<\/h6><\/li><li data-title-tab-id=\"1\" data-title-custom-id=\"\" class=\"active\"><span class=\"tabIcon fas fa-home\"><\/span><h6 class=\"tab-title-text\">Poblaci\u00f3n total<\/h6><\/li><li data-title-tab-id=\"2\" data-title-custom-id=\"\" class=\"inactive\"><span class=\"tabIcon fas fa-home\"><\/span><h6 class=\"tab-title-text\">Total, Hombres<\/h6><\/li><li data-title-tab-id=\"3\" data-title-custom-id=\"\" class=\"inactive\"><span class=\"tabIcon fas fa-home\"><\/span><h6 class=\"tab-title-text\">Total, Mujeres<\/h6><\/li><li data-title-tab-id=\"4\" class=\"inactive\"><span class=\"tabIcon fas fa-home\"><\/span><h6 class=\"tab-title-text\">Porcentaje de pobreza<\/h6><\/li><\/ul><\/div><div class=\"eb-tabs-contents\">\n<div class=\"eb-tab-wrapper\" data-tab-id=\"5\" data-tab-parent-id=\"eb-advanced-tabs-iffjfax\"><div class=\"eb-tab-inner\"><\/div><\/div>\n\n\n\n<div class=\"eb-tab-wrapper\" data-tab-id=\"1\" data-tab-parent-id=\"eb-advanced-tabs-iffjfax\"><div class=\"eb-tab-inner\">\n<figure class=\"wp-block-table\"><table><tbody><tr><td>Total, de poblaci\u00f3n<\/td><\/tr><tr><td>33 453<\/td><\/tr><\/tbody><\/table><\/figure>\n<\/div><\/div>\n\n\n\n<div class=\"eb-tab-wrapper\" data-tab-id=\"2\" data-tab-parent-id=\"eb-advanced-tabs-iffjfax\"><div class=\"eb-tab-inner\"><p><iframe loading=\"lazy\" width=\"600\" height=\"371\" seamless frameborder=\"0\" scrolling=\"no\" src=\"https:\/\/docs.google.com\/spreadsheets\/d\/e\/2PACX-1vSOrAO_wD6fQKJKKTBMXIhEU-1-bt1NIRpR3RLgXzQIBAmY6krr36SfCspq5OhGgsOEXwUUwJLZNeHU\/pubchart?oid=14477347&amp;format=interactive\"><\/iframe><\/p>\n<\/div><\/div>\n\n\n\n<div class=\"eb-tab-wrapper\" data-tab-id=\"3\" data-tab-parent-id=\"eb-advanced-tabs-iffjfax\"><div class=\"eb-tab-inner\"><p><iframe loading=\"lazy\" width=\"600\" height=\"371\" seamless frameborder=\"0\" scrolling=\"no\" src=\"https:\/\/docs.google.com\/spreadsheets\/d\/e\/2PACX-1vQ2erjCd_6JpABHkre0oWyPtKHjO_ECW7FOVVjLiJTpJnYHXSfFXNxgijaz8RrTcqqRHCDSwc1Mcyfz\/pubchart?oid=1119917998&amp;format=interactive\"><\/iframe><\/p>\n<\/div><\/div>\n\n\n\n<div class=\"eb-tab-wrapper\" data-tab-id=\"4\" data-tab-parent-id=\"eb-advanced-tabs-iffjfax\"><div class=\"eb-tab-inner\">\n<div class=\"wp-block-essential-blocks-advanced-tabs alignwide\"><div class=\"eb-parent-wrapper eb-parent-eb-advanced-tabs-3j48h9z \"><div class=\"eb-advanced-tabs-3j48h9z eb-advanced-tabs-wrapper horizontal\"><div class=\"eb-tabs-nav\"><ul class=\"tabTitles\" data-tabs-ul-id=\"eb-advanced-tabs-3j48h9z\"><li data-title-tab-id=\"1\" data-title-custom-id=\"\" class=\"active\"><span class=\"tabIcon fas fa-home\"><\/span><h6 class=\"tab-title-text\">Poblaci\u00f3n total<\/h6><\/li><li data-title-tab-id=\"2\" data-title-custom-id=\"\" class=\"inactive\"><span class=\"tabIcon fas fa-home\"><\/span><h6 class=\"tab-title-text\">Equivalente a un total de la poblaci\u00f3n<\/h6><\/li><li data-title-tab-id=\"3\" data-title-custom-id=\"\" class=\"inactive\"><span class=\"tabIcon fas fa-home\"><\/span><h6 class=\"tab-title-text\">Porcentaje de pobreza<\/h6><\/li><\/ul><\/div><div class=\"eb-tabs-contents\">\n<div class=\"eb-tab-wrapper\" data-tab-id=\"1\" data-tab-parent-id=\"eb-advanced-tabs-3j48h9z\"><div class=\"eb-tab-inner\"><p><iframe loading=\"lazy\" width=\"600\" height=\"371\" seamless frameborder=\"0\" scrolling=\"no\" src=\"https:\/\/docs.google.com\/spreadsheets\/d\/e\/2PACX-1vQuf9Y_4aV5b9KrNFa8Opv0cDJqY86JDKpxaXb06lsLND2JU1Khu2eOjgsDUC49WmL0mXfPFRqMnWCZ\/pubchart?oid=1126868500&amp;format=interactive\"><\/iframe><\/p>\n<\/div><\/div>\n\n\n\n<div class=\"eb-tab-wrapper\" data-tab-id=\"2\" data-tab-parent-id=\"eb-advanced-tabs-3j48h9z\"><div class=\"eb-tab-inner\"><p><iframe loading=\"lazy\" width=\"600\" height=\"371\" seamless frameborder=\"0\" scrolling=\"no\" src=\"https:\/\/docs.google.com\/spreadsheets\/d\/e\/2PACX-1vQuf9Y_4aV5b9KrNFa8Opv0cDJqY86JDKpxaXb06lsLND2JU1Khu2eOjgsDUC49WmL0mXfPFRqMnWCZ\/pubchart?oid=687112229&amp;format=interactive\"><\/iframe><\/p>\n<\/div><\/div>\n\n\n\n<div class=\"eb-tab-wrapper\" data-tab-id=\"3\" data-tab-parent-id=\"eb-advanced-tabs-3j48h9z\"><div class=\"eb-tab-inner\"><p><iframe loading=\"lazy\" width=\"600\" height=\"371\" seamless frameborder=\"0\" scrolling=\"no\" src=\"https:\/\/docs.google.com\/spreadsheets\/d\/e\/2PACX-1vQuf9Y_4aV5b9KrNFa8Opv0cDJqY86JDKpxaXb06lsLND2JU1Khu2eOjgsDUC49WmL0mXfPFRqMnWCZ\/pubchart?oid=566062173&amp;format=interactive\"><\/iframe><\/p>\n<\/div><\/div>\n<\/div><\/div><\/div><\/div>\n<\/div><\/div>\n<\/div><\/div><\/div><\/div>\n<\/div><\/div>\n\n\n\n<div class=\"eb-tab-wrapper\" data-tab-id=\"3\" data-tab-parent-id=\"eb-advanced-tabs-a2obqpn\"><div class=\"eb-tab-inner\">\n<div class=\"wp-block-essential-blocks-advanced-tabs alignwide\"><div class=\"eb-parent-wrapper eb-parent-eb-advanced-tabs-kzf8so4 \"><div class=\"eb-advanced-tabs-kzf8so4 eb-advanced-tabs-wrapper horizontal\"><div class=\"eb-tabs-nav\"><ul class=\"tabTitles\" data-tabs-ul-id=\"eb-advanced-tabs-kzf8so4\"><li data-title-tab-id=\"6\" class=\"inactive\"><span class=\"tabIcon fas fa-home\"><\/span><h6 class=\"tab-title-text\">Descripci\u00f3n<\/h6><\/li><li data-title-tab-id=\"1\" data-title-custom-id=\"\" class=\"active\"><span class=\"tabIcon fas fa-home\"><\/span><h6 class=\"tab-title-text\">Total de viviendas<\/h6><\/li><li data-title-tab-id=\"2\" data-title-custom-id=\"\" class=\"inactive\"><span class=\"tabIcon fas fa-home\"><\/span><h6 class=\"tab-title-text\">N\u00famero de cuartos en las viviendas<\/h6><\/li><li data-title-tab-id=\"3\" data-title-custom-id=\"\" class=\"inactive\"><span class=\"tabIcon fas fa-home\"><\/span><h6 class=\"tab-title-text\">Numero de ocupantes por dormitorio<\/h6><\/li><li data-title-tab-id=\"4\" class=\"inactive\"><span class=\"tabIcon fas fa-home\"><\/span><h6 class=\"tab-title-text\">Servicios de la vivienda<\/h6><\/li><li data-title-tab-id=\"5\" class=\"inactive\"><span class=\"tabIcon fas fa-home\"><\/span><h6 class=\"tab-title-text\">Bienes y TIC<\/h6><\/li><\/ul><\/div><div class=\"eb-tabs-contents\">\n<div class=\"eb-tab-wrapper\" data-tab-id=\"6\" data-tab-parent-id=\"eb-advanced-tabs-kzf8so4\"><div class=\"eb-tab-inner\"><\/div><\/div>\n\n\n\n<div class=\"eb-tab-wrapper\" data-tab-id=\"1\" data-tab-parent-id=\"eb-advanced-tabs-kzf8so4\"><div class=\"eb-tab-inner\">\n<div class=\"wp-block-essential-blocks-advanced-tabs alignwide\"><div class=\"eb-parent-wrapper eb-parent-eb-advanced-tabs-mubkdg7 \"><div class=\"eb-advanced-tabs-mubkdg7 eb-advanced-tabs-wrapper horizontal\"><div class=\"eb-tabs-nav\"><ul class=\"tabTitles\" data-tabs-ul-id=\"eb-advanced-tabs-mubkdg7\"><li data-title-tab-id=\"3\" class=\"inactive\"><span class=\"tabIcon fas fa-home\"><\/span><h6 class=\"tab-title-text\">Descripci\u00f3n<\/h6><\/li><li data-title-tab-id=\"1\" data-title-custom-id=\"\" class=\"active\"><span class=\"tabIcon fas fa-home\"><\/span><h6 class=\"tab-title-text\">Viviendas particulares habitadas frente a A\u00f1o<\/h6><\/li><li data-title-tab-id=\"2\" data-title-custom-id=\"\" class=\"inactive\"><span class=\"tabIcon fas fa-home\"><\/span><h6 class=\"tab-title-text\">Total de viviendas<\/h6><\/li><\/ul><\/div><div class=\"eb-tabs-contents\">\n<div class=\"eb-tab-wrapper\" data-tab-id=\"3\" data-tab-parent-id=\"eb-advanced-tabs-mubkdg7\"><div class=\"eb-tab-inner\"><\/div><\/div>\n\n\n\n<div class=\"eb-tab-wrapper\" data-tab-id=\"1\" data-tab-parent-id=\"eb-advanced-tabs-mubkdg7\"><div class=\"eb-tab-inner\"><p><iframe loading=\"lazy\" width=\"600\" height=\"371\" seamless frameborder=\"0\" scrolling=\"no\" src=\"https:\/\/docs.google.com\/spreadsheets\/d\/e\/2PACX-1vS0KQJ3tdsBb7Ax6B5OjhalxSeK1QJHR7d-p7AUjLfjmfr23PZhW3rEEWJ0gySJ-UlDdRAlgfLE1KXZ\/pubchart?oid=587868002&amp;format=interactive\"><\/iframe><\/p>\n<\/div><\/div>\n\n\n\n<div class=\"eb-tab-wrapper\" data-tab-id=\"2\" data-tab-parent-id=\"eb-advanced-tabs-mubkdg7\"><div class=\"eb-tab-inner\"><p><iframe loading=\"lazy\" width=\"600\" height=\"371\" seamless frameborder=\"0\" scrolling=\"no\" src=\"https:\/\/docs.google.com\/spreadsheets\/d\/e\/2PACX-1vS0KQJ3tdsBb7Ax6B5OjhalxSeK1QJHR7d-p7AUjLfjmfr23PZhW3rEEWJ0gySJ-UlDdRAlgfLE1KXZ\/pubchart?oid=1194353289&amp;format=interactive\"><\/iframe><\/p>\n<\/div><\/div>\n<\/div><\/div><\/div><\/div>\n<\/div><\/div>\n\n\n\n<div class=\"eb-tab-wrapper\" data-tab-id=\"2\" data-tab-parent-id=\"eb-advanced-tabs-kzf8so4\"><div class=\"eb-tab-inner\"><p><iframe loading=\"lazy\" width=\"613\" height=\"379\" seamless frameborder=\"0\" scrolling=\"no\" src=\"https:\/\/docs.google.com\/spreadsheets\/d\/e\/2PACX-1vQMdz9ScPtwVQXf-_xNcx9DZK8tKcIkxCswW0jxYgFkYknWn80k1OUOPUtw2Lrkl7LoUGGJuX0cm1hW\/pubchart?oid=1600278681&amp;format=interactive\"><\/iframe><\/p>\n<\/div><\/div>\n\n\n\n<div class=\"eb-tab-wrapper\" data-tab-id=\"3\" data-tab-parent-id=\"eb-advanced-tabs-kzf8so4\"><div class=\"eb-tab-inner\"><p><iframe loading=\"lazy\" width=\"600\" height=\"371\" seamless frameborder=\"0\" scrolling=\"no\" src=\"https:\/\/docs.google.com\/spreadsheets\/d\/e\/2PACX-1vSRoMZkHkVmO_3gV_KGJjpOt7u9ENkcOhxwTe-QvfrRtRh3vzUSyxEZQ_z9Ke_ywJuHfvnwFgeiITr8\/pubchart?oid=1793700372&amp;format=interactive\"><\/iframe><\/p>\n<\/div><\/div>\n\n\n\n<div class=\"eb-tab-wrapper\" data-tab-id=\"4\" data-tab-parent-id=\"eb-advanced-tabs-kzf8so4\"><div class=\"eb-tab-inner\"><p><iframe loading=\"lazy\" width=\"600\" height=\"371\" seamless frameborder=\"0\" scrolling=\"no\" src=\"https:\/\/docs.google.com\/spreadsheets\/d\/e\/2PACX-1vTrtLqP-1t6rLi3yU5wYsexg9F_v1cBRh07ky4S1OHjJbElWP5xQjzl6Pw99JZiDsG6e5TukoGTTFGU\/pubchart?oid=238249690&amp;format=interactive\"><\/iframe><\/p>\n<\/div><\/div>\n\n\n\n<div class=\"eb-tab-wrapper\" data-tab-id=\"5\" data-tab-parent-id=\"eb-advanced-tabs-kzf8so4\"><div class=\"eb-tab-inner\"><p><iframe loading=\"lazy\" width=\"591\" height=\"366\" seamless frameborder=\"0\" scrolling=\"no\" src=\"https:\/\/docs.google.com\/spreadsheets\/d\/e\/2PACX-1vTsk0lQ0nxgQYgA-nofiUuFxaVlgdiqGD1WIEGJ-alpHVSQx4qo4oP32CC6iFvgs7AJrCfHvDr4AyQf\/pubchart?oid=1493370422&amp;format=interactive\"><\/iframe><\/p>\n<\/div><\/div>\n<\/div><\/div><\/div><\/div>\n<\/div><\/div>\n\n\n\n<div class=\"eb-tab-wrapper\" data-tab-id=\"4\" data-tab-parent-id=\"eb-advanced-tabs-a2obqpn\"><div class=\"eb-tab-inner\">\n<div class=\"wp-block-essential-blocks-advanced-tabs alignwide\"><div class=\"eb-parent-wrapper eb-parent-eb-advanced-tabs-qixgmwv \"><div class=\"eb-advanced-tabs-qixgmwv eb-advanced-tabs-wrapper horizontal\"><div class=\"eb-tabs-nav\"><ul class=\"tabTitles\" data-tabs-ul-id=\"eb-advanced-tabs-qixgmwv\"><li data-title-tab-id=\"8\" class=\"inactive\"><span class=\"tabIcon fas fa-home\"><\/span><h6 class=\"tab-title-text\">Descripci\u00f3n<\/h6><\/li><li data-title-tab-id=\"1\" data-title-custom-id=\"\" class=\"active\"><span class=\"tabIcon fas fa-home\"><\/span><h6 class=\"tab-title-text\">Sin escolaridad<\/h6><\/li><li data-title-tab-id=\"2\" data-title-custom-id=\"\" class=\"inactive\"><span class=\"tabIcon fas fa-home\"><\/span><h6 class=\"tab-title-text\">Preescolar<\/h6><\/li><li data-title-tab-id=\"3\" data-title-custom-id=\"\" class=\"inactive\"><span class=\"tabIcon fas fa-home\"><\/span><h6 class=\"tab-title-text\">Primaria<\/h6><\/li><li data-title-tab-id=\"4\" class=\"inactive\"><span class=\"tabIcon fas fa-home\"><\/span><h6 class=\"tab-title-text\">Secundaria<\/h6><\/li><li data-title-tab-id=\"5\" class=\"inactive\"><span class=\"tabIcon fas fa-home\"><\/span><h6 class=\"tab-title-text\">Preparatoria<\/h6><\/li><li data-title-tab-id=\"6\" class=\"inactive\"><span class=\"tabIcon fas fa-home\"><\/span><h6 class=\"tab-title-text\">Licenciatura<\/h6><\/li><li data-title-tab-id=\"7\" class=\"inactive\"><span class=\"tabIcon fas fa-home\"><\/span><h6 class=\"tab-title-text\">Posgrado<\/h6><\/li><\/ul><\/div><div class=\"eb-tabs-contents\">\n<div class=\"eb-tab-wrapper\" data-tab-id=\"8\" data-tab-parent-id=\"eb-advanced-tabs-qixgmwv\"><div class=\"eb-tab-inner\"><\/div><\/div>\n\n\n\n<div class=\"eb-tab-wrapper\" data-tab-id=\"1\" data-tab-parent-id=\"eb-advanced-tabs-qixgmwv\"><div class=\"eb-tab-inner\">\n<figure class=\"wp-block-table\"><table><tbody><tr><td rowspan=\"4\">Sin escolaridad<\/td><\/tr><tr><td>3 261<\/td><\/tr><\/tbody><\/table><\/figure>\n<\/div><\/div>\n\n\n\n<div class=\"eb-tab-wrapper\" data-tab-id=\"2\" data-tab-parent-id=\"eb-advanced-tabs-qixgmwv\"><div class=\"eb-tab-inner\">\n<figure class=\"wp-block-table\"><table><tbody><tr><td rowspan=\"4\">Preescolar<\/td><\/tr><tr><td>2 064<\/td><\/tr><\/tbody><\/table><\/figure>\n<\/div><\/div>\n\n\n\n<div class=\"eb-tab-wrapper\" data-tab-id=\"3\" data-tab-parent-id=\"eb-advanced-tabs-qixgmwv\"><div class=\"eb-tab-inner\"><p><iframe loading=\"lazy\" width=\"600\" height=\"371\" seamless frameborder=\"0\" scrolling=\"no\" src=\"https:\/\/docs.google.com\/spreadsheets\/d\/e\/2PACX-1vQAwwetjVPN3hbzlMBsdDXGO-lSjPibeSwVmZMe-KRePLKNRTALthltUcdCho_hBA\/pubchart?oid=457906255&amp;format=interactive\"><\/iframe><\/p>\n<\/div><\/div>\n\n\n\n<div class=\"eb-tab-wrapper\" data-tab-id=\"4\" data-tab-parent-id=\"eb-advanced-tabs-qixgmwv\"><div class=\"eb-tab-inner\"><p><iframe loading=\"lazy\" width=\"600\" height=\"371\" seamless frameborder=\"0\" scrolling=\"no\" src=\"https:\/\/docs.google.com\/spreadsheets\/d\/e\/2PACX-1vQbEEqRNeQORxYtk7Eq-PUwc-s8yOuILCcasqHPYGCxdbzdQleGHgABEHsSQj7ShQ\/pubchart?oid=2138514636&amp;format=interactive\"><\/iframe><\/p>\n<\/div><\/div>\n\n\n\n<div class=\"eb-tab-wrapper\" data-tab-id=\"5\" data-tab-parent-id=\"eb-advanced-tabs-qixgmwv\"><div class=\"eb-tab-inner\"><p><iframe loading=\"lazy\" width=\"600\" height=\"371\" seamless frameborder=\"0\" scrolling=\"no\" src=\"https:\/\/docs.google.com\/spreadsheets\/d\/e\/2PACX-1vRo9eIYc8E6-N7WB6Wxum9btfh8y4OG40HOenw1F0DSwp2D_Lv9RAMH2O9924gi3A\/pubchart?oid=262474297&amp;format=interactive\"><\/iframe><\/p>\n<\/div><\/div>\n\n\n\n<div class=\"eb-tab-wrapper\" data-tab-id=\"6\" data-tab-parent-id=\"eb-advanced-tabs-qixgmwv\"><div class=\"eb-tab-inner\"><p><iframe loading=\"lazy\" width=\"600\" height=\"371\" seamless frameborder=\"0\" scrolling=\"no\" src=\"https:\/\/docs.google.com\/spreadsheets\/d\/e\/2PACX-1vSC09CZZh-en5ewBQpYwP68PWKcitFCkfmBCAgX9nkUjxXT9SdNNIi4p_4zjatv6A\/pubchart?oid=1455801106&amp;format=interactive\"><\/iframe><\/p>\n<\/div><\/div>\n\n\n\n<div class=\"eb-tab-wrapper\" data-tab-id=\"7\" data-tab-parent-id=\"eb-advanced-tabs-qixgmwv\"><div class=\"eb-tab-inner\">\n<figure class=\"wp-block-table\"><table><tbody><tr><td rowspan=\"4\">Posgrado<\/td><\/tr><tr><td>72<\/td><\/tr><\/tbody><\/table><\/figure>\n<\/div><\/div>\n<\/div><\/div><\/div><\/div>\n<\/div><\/div>\n\n\n\n<div class=\"eb-tab-wrapper\" data-tab-id=\"5\" data-tab-parent-id=\"eb-advanced-tabs-a2obqpn\"><div class=\"eb-tab-inner\">\n<div class=\"wp-block-essential-blocks-advanced-tabs alignwide\"><div class=\"eb-parent-wrapper eb-parent-eb-advanced-tabs-gwyogfw \"><div class=\"eb-advanced-tabs-gwyogfw eb-advanced-tabs-wrapper horizontal\"><div class=\"eb-tabs-nav\"><ul class=\"tabTitles\" data-tabs-ul-id=\"eb-advanced-tabs-gwyogfw\"><li data-title-tab-id=\"6\" class=\"inactive\"><span class=\"tabIcon fas fa-home\"><\/span><h6 class=\"tab-title-text\">Descripci\u00f3n<\/h6><\/li><li data-title-tab-id=\"1\" data-title-custom-id=\"\" class=\"active\"><span class=\"tabIcon fas fa-home\"><\/span><h6 class=\"tab-title-text\">N\u00famero de estudiantes<\/h6><\/li><li data-title-tab-id=\"2\" data-title-custom-id=\"\" class=\"inactive\"><span class=\"tabIcon fas fa-home\"><\/span><h6 class=\"tab-title-text\">Analfabetismo<\/h6><\/li><li data-title-tab-id=\"3\" data-title-custom-id=\"\" class=\"inactive\"><span class=\"tabIcon fas fa-home\"><\/span><h6 class=\"tab-title-text\">Condiciones de analfabetismo<\/h6><\/li><li data-title-tab-id=\"4\" class=\"inactive\"><span class=\"tabIcon fas fa-home\"><\/span><h6 class=\"tab-title-text\">N\u00famero de Preescolares<\/h6><\/li><li data-title-tab-id=\"5\" class=\"inactive\"><span class=\"tabIcon fas fa-home\"><\/span><h6 class=\"tab-title-text\">N\u00famero de secundarias<\/h6><\/li><\/ul><\/div><div class=\"eb-tabs-contents\">\n<div class=\"eb-tab-wrapper\" data-tab-id=\"6\" data-tab-parent-id=\"eb-advanced-tabs-gwyogfw\"><div class=\"eb-tab-inner\"><\/div><\/div>\n\n\n\n<div class=\"eb-tab-wrapper\" data-tab-id=\"1\" data-tab-parent-id=\"eb-advanced-tabs-gwyogfw\"><div class=\"eb-tab-inner\"><p><iframe loading=\"lazy\" width=\"600\" height=\"371\" seamless frameborder=\"0\" scrolling=\"no\" src=\"https:\/\/docs.google.com\/spreadsheets\/d\/e\/2PACX-1vRccdCGqyAdq9n_Tj7QEDydjeD-2v0lWNqovUNDpazJ7AiyBWhrPmVUKXokKlEZfA\/pubchart?oid=1841826331&amp;format=interactive\"><\/iframe><\/p>\n<\/div><\/div>\n\n\n\n<div class=\"eb-tab-wrapper\" data-tab-id=\"2\" data-tab-parent-id=\"eb-advanced-tabs-gwyogfw\"><div class=\"eb-tab-inner\"><p><iframe loading=\"lazy\" width=\"600\" height=\"371\" seamless frameborder=\"0\" scrolling=\"no\" src=\"https:\/\/docs.google.com\/spreadsheets\/d\/e\/2PACX-1vRp50a_-PXAGF1BCQEIaIKc5uef3lxyspL3-uvQfEWQzSlygNaTYfggmZskC-AADA\/pubchart?oid=646303603&amp;format=interactive\"><\/iframe><\/p>\n<\/div><\/div>\n\n\n\n<div class=\"eb-tab-wrapper\" data-tab-id=\"3\" data-tab-parent-id=\"eb-advanced-tabs-gwyogfw\"><div class=\"eb-tab-inner\"><p><iframe loading=\"lazy\" width=\"600\" height=\"371\" seamless frameborder=\"0\" scrolling=\"no\" src=\"https:\/\/docs.google.com\/spreadsheets\/d\/e\/2PACX-1vTa46uSjOc3SmRukngca-bDwnFjx6jsZbPDHNTFaotqV9Xv9qmdsD0PJA1GwjjO_A\/pubchart?oid=300445583&amp;format=interactive\"><\/iframe><\/p>\n<\/div><\/div>\n\n\n\n<div class=\"eb-tab-wrapper\" data-tab-id=\"4\" data-tab-parent-id=\"eb-advanced-tabs-gwyogfw\"><div class=\"eb-tab-inner\"><p><iframe loading=\"lazy\" width=\"774\" height=\"552\" seamless frameborder=\"0\" scrolling=\"no\" src=\"https:\/\/docs.google.com\/spreadsheets\/d\/e\/2PACX-1vRbq6wFVaBoHGl5nNSfb-AV232CaoyyKmBFVitpPyXqVWVw4ESJfre-mUIa8bgRCw\/pubchart?oid=1368928098&amp;format=interactive\"><\/iframe><\/p>\n<\/div><\/div>\n\n\n\n<div class=\"eb-tab-wrapper\" data-tab-id=\"5\" data-tab-parent-id=\"eb-advanced-tabs-gwyogfw\"><div class=\"eb-tab-inner\"><p><iframe loading=\"lazy\" width=\"600\" height=\"371\" seamless frameborder=\"0\" scrolling=\"no\" src=\"https:\/\/docs.google.com\/spreadsheets\/d\/e\/2PACX-1vQ5iv5I92BGCjfJViVMPUQZC3Ayz1P8Kv605HzXP18FdnLlTp04STOxUdQ4buyUgw\/pubchart?oid=1912147329&amp;format=interactive\"><\/iframe><\/p>\n<\/div><\/div>\n<\/div><\/div><\/div><\/div>\n<\/div><\/div>\n\n\n\n<div class=\"eb-tab-wrapper\" data-tab-id=\"6\" data-tab-parent-id=\"eb-advanced-tabs-a2obqpn\"><div class=\"eb-tab-inner\">\n<figure class=\"wp-block-table\"><table><tbody><tr><td>ID<\/td><td>NOMBRE<\/td><td>C. UTM Y<\/td><td>C. UTM. X<\/td><td>SUSTANCIA<\/td><td>ORIGEN<\/td><td><strong>POTENCIAL M<\/strong><strong>3<\/strong><strong><\/strong><\/td><\/tr><tr><td>TAN-001<\/td><td>Cerro Chupaderos<\/td><td>2.136.857<\/td><td>784.867<\/td><td>Ceniza volc\u00e1nica<\/td><td>Volc\u00e1nico<\/td><td>4\u2019000,000<\/td><\/tr><tr><td rowspan=\"2\">TAN-002<\/td><td>Cerro<\/td><td rowspan=\"2\">2.135.996<\/td><td rowspan=\"2\">783.939<\/td><td rowspan=\"2\">Ceniza volc\u00e1nica<\/td><td rowspan=\"2\">Volc\u00e1nico<\/td><td rowspan=\"2\">2\u2019400,000<\/td><\/tr><tr><td>Condembaro<\/td><\/tr><tr><td>TAN-003<\/td><td>Cerro Tamacuiro<\/td><td>2.133.409<\/td><td>783.449<\/td><td>Ceniza volc\u00e1nica<\/td><td>Volc\u00e1nico<\/td><td>6\u2019250,000<\/td><\/tr><tr><td rowspan=\"2\">TAN-004<\/td><td>Cerro<\/td><td rowspan=\"2\">2.137.092<\/td><td rowspan=\"2\">775.401<\/td><td rowspan=\"2\">Ceniza volc\u00e1nica<\/td><td rowspan=\"2\">Volc\u00e1nico<\/td><td rowspan=\"2\">5\u2019000,000<\/td><\/tr><tr><td>El Astillero<\/td><\/tr><tr><td>TAN-005<\/td><td>Panguitiro<\/td><td>2.137.310<\/td><td>775.872<\/td><td>Basalto<\/td><td>Volc\u00e1nico<\/td><td>1\u2019250,000<\/td><\/tr><tr><td>TAN-006<\/td><td>Cerro El Pedregal<\/td><td>2.138.550<\/td><td>778.365<\/td><td>Basalto<\/td><td>Volc\u00e1nico<\/td><td>2\u2019500,000<\/td><\/tr><tr><td>TAN-007<\/td><td>La Lagunilla 1<\/td><td>2.136.542<\/td><td>778.940<\/td><td>Basalto<\/td><td>Volc\u00e1nico<\/td><td>10\u2019000,000<\/td><\/tr><tr><td>TAN-008<\/td><td>Santa Catarina<\/td><td>2.133.060<\/td><td>774.509<\/td><td>Basalto<\/td><td>Volc\u00e1nico<\/td><td>1\u2019250,000<\/td><\/tr><tr><td>TAN-009<\/td><td>Potrero de Soto<\/td><td>2.127.590<\/td><td>778.064<\/td><td>Ceniza volc\u00e1nica<\/td><td>Volc\u00e1nico<\/td><td>900.000,00<\/td><\/tr><tr><td>TAN-010<\/td><td>La Ca\u00f1ada<\/td><td>2.125.568<\/td><td>777.842<\/td><td>Ceniza volc\u00e1nica<\/td><td>Volc\u00e1nico<\/td><td>1\u2019800,000<\/td><\/tr><tr><td>TAN-011<\/td><td>Cerro El Chato<\/td><td>2.124.284<\/td><td>778.759<\/td><td>Ceniza volc\u00e1nica<\/td><td>Volc\u00e1nico<\/td><td>7\u2019500,000<\/td><\/tr><tr><td>TAN-012<\/td><td>Los Granados<\/td><td>2.129.087<\/td><td>779.600<\/td><td>Ceniza volc\u00e1nica<\/td><td>Volc\u00e1nico<\/td><td>7\u2019500,000<\/td><\/tr><tr><td>TAN-013<\/td><td>Cerro Pareo<\/td><td>2.137.935<\/td><td>767.057<\/td><td>Ceniza volc\u00e1nica<\/td><td>Volc\u00e1nico<\/td><td>7\u2019500,000<\/td><\/tr><tr><td>TAN-014<\/td><td>La Launilla 2<\/td><td>2.135.248<\/td><td>778.836<\/td><td>Basalto<\/td><td>Volc\u00e1nico<\/td><td>10\u2019000,000<\/td><\/tr><\/tbody><\/table><\/figure>\n<\/div><\/div>\n\n\n\n<div class=\"eb-tab-wrapper\" data-tab-id=\"7\" data-tab-parent-id=\"eb-advanced-tabs-a2obqpn\"><div class=\"eb-tab-inner\">\n<div class=\"wp-block-essential-blocks-advanced-tabs alignwide\"><div class=\"eb-parent-wrapper eb-parent-eb-advanced-tabs-bf1k1ik \"><div class=\"eb-advanced-tabs-bf1k1ik eb-advanced-tabs-wrapper horizontal\"><div class=\"eb-tabs-nav\"><ul class=\"tabTitles\" data-tabs-ul-id=\"eb-advanced-tabs-bf1k1ik\"><li data-title-tab-id=\"1\" data-title-custom-id=\"\" class=\"active\"><span class=\"tabIcon fas fa-home\"><\/span><h6 class=\"tab-title-text\">Descripci\u00f3n<\/h6><\/li><li data-title-tab-id=\"2\" data-title-custom-id=\"\" class=\"inactive\"><span class=\"tabIcon fas fa-home\"><\/span><h6 class=\"tab-title-text\">Informaci\u00f3n Economica<\/h6><\/li><\/ul><\/div><div class=\"eb-tabs-contents\">\n<div class=\"eb-tab-wrapper\" data-tab-id=\"1\" data-tab-parent-id=\"eb-advanced-tabs-bf1k1ik\"><div class=\"eb-tab-inner\"><\/div><\/div>\n\n\n\n<div class=\"eb-tab-wrapper\" data-tab-id=\"2\" data-tab-parent-id=\"eb-advanced-tabs-bf1k1ik\"><div class=\"eb-tab-inner\"><p><iframe loading=\"lazy\" width=\"600\" height=\"371\" seamless frameborder=\"0\" scrolling=\"no\" src=\"https:\/\/docs.google.com\/spreadsheets\/d\/e\/2PACX-1vSpQYO33Pkxy4IsqamDDDn849FTTajwVm-7-P7KhVqFrF4q9_QqsY9wqKLPvbwTSA\/pubchart?oid=1743905503&amp;format=interactive\"><\/iframe><\/p>\n<\/div><\/div>\n<\/div><\/div><\/div><\/div>\n<\/div><\/div>\n<\/div><\/div><\/div><\/div>\n\n\n\n<p><\/p>\n","protected":false},"excerpt":{"rendered":"<p>Informaci\u00f3n estad\u00edstica<\/p>\n","protected":false},"author":1,"featured_media":0,"parent":0,"menu_order":0,"comment_status":"closed","ping_status":"closed","template":"","meta":{"_eb_attr":"","footnotes":""},"class_list":["post-43","page","type-page","status-publish","hentry","post"],"_links":{"self":[{"href":"https:\/\/implantancitaro.gob.mx\/index.php\/wp-json\/wp\/v2\/pages\/43","targetHints":{"allow":["GET"]}}],"collection":[{"href":"https:\/\/implantancitaro.gob.mx\/index.php\/wp-json\/wp\/v2\/pages"}],"about":[{"href":"https:\/\/implantancitaro.gob.mx\/index.php\/wp-json\/wp\/v2\/types\/page"}],"author":[{"embeddable":true,"href":"https:\/\/implantancitaro.gob.mx\/index.php\/wp-json\/wp\/v2\/users\/1"}],"replies":[{"embeddable":true,"href":"https:\/\/implantancitaro.gob.mx\/index.php\/wp-json\/wp\/v2\/comments?post=43"}],"version-history":[{"count":26,"href":"https:\/\/implantancitaro.gob.mx\/index.php\/wp-json\/wp\/v2\/pages\/43\/revisions"}],"predecessor-version":[{"id":206,"href":"https:\/\/implantancitaro.gob.mx\/index.php\/wp-json\/wp\/v2\/pages\/43\/revisions\/206"}],"wp:attachment":[{"href":"https:\/\/implantancitaro.gob.mx\/index.php\/wp-json\/wp\/v2\/media?parent=43"}],"curies":[{"name":"wp","href":"https:\/\/api.w.org\/{rel}","templated":true}]}}